{"id":1263,"date":"2026-03-05T15:55:16","date_gmt":"2026-03-05T15:55:16","guid":{"rendered":"https:\/\/moskicombat.es\/?page_id=1263"},"modified":"2026-03-05T16:15:13","modified_gmt":"2026-03-05T16:15:13","slug":"aviso-legal","status":"publish","type":"page","link":"https:\/\/moskicombat.es\/index.php\/aviso-legal\/","title":{"rendered":"Aviso Legal"},"content":{"rendered":"\t\t<div data-elementor-type=\"wp-page\" data-elementor-id=\"1263\" class=\"elementor elementor-1263\" data-elementor-post-type=\"page\">\n\t\t\t\t<\/h2>\n<h1 data-start=\"1844\" data-end=\"1868\"><\/h1>\n<h1 class=\"wp-block-heading\" data-start=\"173\" data-end=\"186\">AVISO LEGAL<\/h1>\n<p data-start=\"188\" data-end=\"413\">En cumplimiento del deber de informaci\u00f3n recogido en el art\u00edculo 10 de la Ley 34\/2002, de Servicios de la Sociedad de la Informaci\u00f3n y de Comercio Electr\u00f3nico (LSSI-CE), se informa que el presente sitio web es titularidad de:<\/p>\n<p data-start=\"415\" data-end=\"636\"><strong data-start=\"415\" data-end=\"427\">Titular:<\/strong> FITOLIA GESTI\u00d3N, S.L.<br data-start=\"439\" data-end=\"442\"><strong data-start=\"442\" data-end=\"454\">NIF\/CIF:<\/strong> B98596281<br data-start=\"464\" data-end=\"467\"><strong data-start=\"467\" data-end=\"488\">Domicilio social:<\/strong> Avenida Blasco Ib\u00e1\u00f1ez n\u00ba 194, 2\u00ba, puerta 8\u00aa, 46022 Valencia (Espa\u00f1a)<br data-start=\"521\" data-end=\"524\"><strong data-start=\"524\" data-end=\"537\">Tel\u00e9fono:<\/strong>&nbsp;<span style=\"font-size: 1rem;\">+34 962 069 121<br><\/span><strong style=\"font-size: 1rem;\" data-start=\"561\" data-end=\"571\">Email:<\/strong><span style=\"font-size: 1rem;\">&nbsp;<\/span><span style=\"font-size: 1rem;\">info@fitoliacosmetics.es<br><\/span><strong style=\"font-size: 1rem;\" data-start=\"595\" data-end=\"611\">Dominio web:<\/strong> <a href=\"https:\/\/moskicombat.es\">https:\/\/m<span style=\"font-size: 1rem;\">oskicombat.es<\/span><\/a><\/p>\n<hr data-start=\"638\" data-end=\"641\">\n<h2 data-start=\"643\" data-end=\"652\">Objeto<\/h2>\n<p data-start=\"654\" data-end=\"822\">El presente sitio web tiene como finalidad ofrecer informaci\u00f3n sobre la gama de productos Moskicombat, formulados con ingredientes naturales para la protecci\u00f3n frente a mosquitos y otros insectos, as\u00ed como sus diferentes formatos y usos.<\/p>\n<hr data-start=\"824\" data-end=\"827\">\n<h2 data-start=\"829\" data-end=\"850\">Condiciones de uso<\/h2>\n<p data-start=\"852\" data-end=\"979\">El acceso y uso del sitio web atribuye la condici\u00f3n de usuario e implica la aceptaci\u00f3n plena de las condiciones aqu\u00ed recogidas.<\/p>\n<p data-start=\"981\" data-end=\"1071\">El usuario se compromete a hacer un uso adecuado de los contenidos y a no emplearlos para:<\/p>\n<ul data-start=\"1073\" data-end=\"1224\">\n<li data-start=\"1073\" data-end=\"1108\">\n<p data-start=\"1075\" data-end=\"1108\">Incurrir en actividades il\u00edcitas.<\/p>\n<\/li>\n<li data-start=\"1109\" data-end=\"1160\">\n<p data-start=\"1111\" data-end=\"1160\">Difundir contenido ofensivo o contrario a la ley.<\/p>\n<\/li>\n<li data-start=\"1161\" data-end=\"1224\">\n<p data-start=\"1163\" data-end=\"1224\">Provocar da\u00f1os en los sistemas f\u00edsicos o l\u00f3gicos del titular.<\/p>\n<\/li>\n<\/ul>\n<hr data-start=\"1226\" data-end=\"1229\">\n<h2 data-start=\"1231\" data-end=\"1255\">Propiedad intelectual<\/h2>\n<p data-start=\"1257\" data-end=\"1412\">Todos los contenidos del sitio web (textos, im\u00e1genes, logotipos, dise\u00f1o, estructura, etc.) son propiedad de FITOLIA GESTI\u00d3N&nbsp;o cuentan con licencia para su uso.<\/p>\n<p data-start=\"1414\" data-end=\"1500\">Queda prohibida su reproducci\u00f3n, distribuci\u00f3n o modificaci\u00f3n sin autorizaci\u00f3n expresa.<\/p>\n<hr data-start=\"1502\" data-end=\"1505\">\n<h2 data-start=\"1507\" data-end=\"1525\">Responsabilidad<\/h2>\n<p data-start=\"1527\" data-end=\"1678\"><span style=\"font-size: 1rem;\">FITOLIA GESTI\u00d3N<\/span>&nbsp;no se responsabiliza de los da\u00f1os derivados del uso incorrecto del sitio web ni de posibles errores t\u00e9cnicos o interrupciones del servicio.<\/p>\n<hr data-start=\"1680\" data-end=\"1683\">\n<h2 data-start=\"1685\" data-end=\"1709\">Legislaci\u00f3n aplicable<\/h2>\n<p data-start=\"1711\" data-end=\"1797\">La relaci\u00f3n entre el usuario y el titular se regir\u00e1 por la normativa espa\u00f1ola vigente.<\/p>\t\t\t\t\t\t\t\t<\/div>\n\t\t\t\t\t<\/div>\n\t\t\t\t<\/div>\n\t\t<div class=\"elementor-element elementor-element-6c0468f6 e-flex e-con-boxed e-con e-parent\" data-id=\"6c0468f6\" data-element_type=\"container\" data-e-type=\"container\">\n\t\t\t\t\t<div class=\"e-con-inner\">\n\t\t\t\t<div class=\"elementor-element elementor-element-7f0dbe7b elementor-widget elementor-widget-text-editor\" data-id=\"7f0dbe7b\" data-element_type=\"widget\" data-e-type=\"widget\" data-widget_type=\"text-editor.default\">\n\t\t\t\t\t\t\t\t\t<h2><\/h2>\n<h1 class=\"wp-block-heading\" data-start=\"1844\" data-end=\"1868\"><!-- wp:heading --><\/h1>\n<h1 data-start=\"173\" data-end=\"186\">AVISO LEGAL<\/h1>\n<p data-start=\"188\" data-end=\"413\">En cumplimiento del deber de informaci\u00f3n recogido en el art\u00edculo 10 de la Ley 34\/2002, de Servicios de la Sociedad de la Informaci\u00f3n y de Comercio Electr\u00f3nico (LSSI-CE), se informa que el presente sitio web es titularidad de:<\/p>\n<p data-start=\"415\" data-end=\"636\"><strong data-start=\"415\" data-end=\"427\">Titular:<\/strong> FITOLIA GESTI\u00d3N, S.L.<br data-start=\"439\" data-end=\"442\"><strong data-start=\"442\" data-end=\"454\">NIF\/CIF:<\/strong> B98596281<br data-start=\"464\" data-end=\"467\"><strong data-start=\"467\" data-end=\"488\">Domicilio social:<\/strong> Avenida Blasco Ib\u00e1\u00f1ez n\u00ba 194, 2\u00ba, puerta 8\u00aa, 46022 Valencia (Espa\u00f1a)<br data-start=\"521\" data-end=\"524\"><strong data-start=\"524\" data-end=\"537\">Tel\u00e9fono:<\/strong>&nbsp;<span style=\"font-size: 1rem;\">+34 962 069 121<br><\/span><strong style=\"font-size: 1rem;\" data-start=\"561\" data-end=\"571\">Email:<\/strong><span style=\"font-size: 1rem;\">&nbsp;<\/span><span style=\"font-size: 1rem;\">info@fitoliacosmetics.es<br><\/span><strong style=\"font-size: 1rem;\" data-start=\"595\" data-end=\"611\">Dominio web:<\/strong> <a href=\"https:\/\/moskicombat.es\">https:\/\/m<span style=\"font-size: 1rem;\">oskicombat.es<\/span><\/a><\/p>\n<hr data-start=\"638\" data-end=\"641\">\n<h2 data-start=\"643\" data-end=\"652\">Objeto<\/h2>\n<p data-start=\"654\" data-end=\"822\">El presente sitio web tiene como finalidad ofrecer informaci\u00f3n sobre la gama de productos Moskicombat, formulados con ingredientes naturales para la protecci\u00f3n frente a mosquitos y otros insectos, as\u00ed como sus diferentes formatos y usos.<\/p>\n<hr data-start=\"824\" data-end=\"827\">\n<h2 data-start=\"829\" data-end=\"850\">Condiciones de uso<\/h2>\n<p data-start=\"852\" data-end=\"979\">El acceso y uso del sitio web atribuye la condici\u00f3n de usuario e implica la aceptaci\u00f3n plena de las condiciones aqu\u00ed recogidas.<\/p>\n<p data-start=\"981\" data-end=\"1071\">El usuario se compromete a hacer un uso adecuado de los contenidos y a no emplearlos para:<\/p>\n<ul data-start=\"1073\" data-end=\"1224\">\n<li data-start=\"1073\" data-end=\"1108\">\n<p data-start=\"1075\" data-end=\"1108\">Incurrir en actividades il\u00edcitas.<\/p>\n<\/li>\n<li data-start=\"1109\" data-end=\"1160\">\n<p data-start=\"1111\" data-end=\"1160\">Difundir contenido ofensivo o contrario a la ley.<\/p>\n<\/li>\n<li data-start=\"1161\" data-end=\"1224\">\n<p data-start=\"1163\" data-end=\"1224\">Provocar da\u00f1os en los sistemas f\u00edsicos o l\u00f3gicos del titular.<\/p>\n<\/li>\n<\/ul>\n<hr data-start=\"1226\" data-end=\"1229\">\n<h2 data-start=\"1231\" data-end=\"1255\">Propiedad intelectual<\/h2>\n<p data-start=\"1257\" data-end=\"1412\">Todos los contenidos del sitio web (textos, im\u00e1genes, logotipos, dise\u00f1o, estructura, etc.) son propiedad de FITOLIA GESTI\u00d3N&nbsp;o cuentan con licencia para su uso.<\/p>\n<p data-start=\"1414\" data-end=\"1500\">Queda prohibida su reproducci\u00f3n, distribuci\u00f3n o modificaci\u00f3n sin autorizaci\u00f3n expresa.<\/p>\n<hr data-start=\"1502\" data-end=\"1505\">\n<h2 data-start=\"1507\" data-end=\"1525\">Responsabilidad<\/h2>\n<p data-start=\"1527\" data-end=\"1678\"><span style=\"font-size: 1rem;\">FITOLIA GESTI\u00d3N<\/span>&nbsp;no se responsabiliza de los da\u00f1os derivados del uso incorrecto del sitio web ni de posibles errores t\u00e9cnicos o interrupciones del servicio.<\/p>\n<hr data-start=\"1680\" data-end=\"1683\">\n<h2 data-start=\"1685\" data-end=\"1709\">Legislaci\u00f3n aplicable<\/h2>\n<p data-start=\"1711\" data-end=\"1797\">La relaci\u00f3n entre el usuario y el titular se regir\u00e1 por la normativa espa\u00f1ola vigente.<\/p>\t\t\t\t\t\t\t\t<\/div>\n\t\t\t\t\t<\/div>\n\t\t\t\t<\/div>\n\t\t\t\t<\/div>\n\t\t","protected":false},"excerpt":{"rendered":"<p>AVISO LEGAL En cumplimiento del deber de informaci\u00f3n recogido en el art\u00edculo 10 de la Ley 34\/2002, de Servicios de la Sociedad de la Informaci\u00f3n y de Comercio Electr\u00f3nico (LSSI-CE), se informa que el presente sitio web es titularidad de: Titular: FITOLIA GESTI\u00d3N, S.L.NIF\/CIF: B98596281Domicilio social: Avenida Blasco Ib\u00e1\u00f1ez n\u00ba 194, 2\u00ba, puerta 8\u00aa, 46022 [&hellip;]<\/p>\n","protected":false},"author":1,"featured_media":0,"parent":0,"menu_order":0,"comment_status":"closed","ping_status":"closed","template":"","meta":{"footnotes":""},"class_list":["post-1263","page","type-page","status-publish","hentry"],"_links":{"self":[{"href":"https:\/\/moskicombat.es\/index.php\/wp-json\/wp\/v2\/pages\/1263","targetHints":{"allow":["GET"]}}],"collection":[{"href":"https:\/\/moskicombat.es\/index.php\/wp-json\/wp\/v2\/pages"}],"about":[{"href":"https:\/\/moskicombat.es\/index.php\/wp-json\/wp\/v2\/types\/page"}],"author":[{"embeddable":true,"href":"https:\/\/moskicombat.es\/index.php\/wp-json\/wp\/v2\/users\/1"}],"replies":[{"embeddable":true,"href":"https:\/\/moskicombat.es\/index.php\/wp-json\/wp\/v2\/comments?post=1263"}],"version-history":[{"count":15,"href":"https:\/\/moskicombat.es\/index.php\/wp-json\/wp\/v2\/pages\/1263\/revisions"}],"predecessor-version":[{"id":1290,"href":"https:\/\/moskicombat.es\/index.php\/wp-json\/wp\/v2\/pages\/1263\/revisions\/1290"}],"wp:attachment":[{"href":"https:\/\/moskicombat.es\/index.php\/wp-json\/wp\/v2\/media?parent=1263"}],"curies":[{"name":"wp","href":"https:\/\/api.w.org\/{rel}","templated":true}]}}